{"id":224,"date":"2022-11-21T22:40:29","date_gmt":"2022-11-21T22:40:29","guid":{"rendered":"https:\/\/masster.com.br\/?page_id=224"},"modified":"2024-07-15T16:42:38","modified_gmt":"2024-07-15T16:42:38","slug":"links","status":"publish","type":"page","link":"https:\/\/masster.com.br\/index.php\/links\/","title":{"rendered":"Links Uteis"},"content":{"rendered":"\t\t<div data-elementor-type=\"wp-page\" data-elementor-id=\"224\" class=\"elementor elementor-224\">\n\t\t\t\t\t\t<section class=\"elementor-section elementor-top-section elementor-element elementor-element-61ac68bc elementor-section-boxed elementor-section-height-default elementor-section-height-default\" data-id=\"61ac68bc\" data-element_type=\"section\" data-e-type=\"section\">\n\t\t\t\t\t\t<div class=\"elementor-container elementor-column-gap-default\">\n\t\t\t\t\t<div class=\"elementor-column elementor-col-33 elementor-top-column elementor-element elementor-element-75dbf4e2\" data-id=\"75dbf4e2\" data-element_type=\"column\" data-e-type=\"column\">\n\t\t\t<div class=\"elementor-widget-wrap\">\n\t\t\t\t\t\t\t<\/div>\n\t\t<\/div>\n\t\t\t\t<div class=\"elementor-column elementor-col-33 elementor-top-column elementor-element elementor-element-47b2500c\" data-id=\"47b2500c\" data-element_type=\"column\" data-e-type=\"column\">\n\t\t\t<div class=\"elementor-widget-wrap elementor-element-populated\">\n\t\t\t\t\t\t<div class=\"elementor-element elementor-element-21e7a78b elementor-widget elementor-widget-text-editor\" data-id=\"21e7a78b\" data-element_type=\"widget\" data-e-type=\"widget\" data-widget_type=\"text-editor.default\">\n\t\t\t\t<div class=\"elementor-widget-container\">\n\t\t\t\t\t\t\t\t\t<h2>LINKS \u00daTEIS<\/h2><h4><strong>SA\u00daDE E SEGURAN\u00c7A DO TRABALHO<\/strong><\/h4><h3>Links Nacionais<\/h3><ul><li><a href=\"http:\/\/www.mtps.gov.br\/index.php\/seguranca-e-saude-no-trabalho\/normatizacao\/normas-regulamentadoras\">Normas Regulamentadoras (NRs) de Seguran\u00e7a e Sa\u00fade no Trabalho \u2013 Minist\u00e9rio do Trabalho<\/a><\/li><li><a href=\"http:\/\/www.cnae.ibge.gov.br\/\">Classifica\u00e7\u00e3o Nacional de Atividades Econ\u00f4micas<\/a><\/li><li><a href=\"http:\/\/www.abnt.org.br\/\">Associa\u00e7\u00e3o Brasileira de Normas T\u00e9cnicas \u2013 ABNT<\/a><\/li><li><a href=\"http:\/\/www.sobes.org.br\/\">Sociedade Brasileira de Engenharia de Seguran\u00e7a \u2013 SOBES<\/a><\/li><li><a href=\"http:\/\/www.cvs.saude.sp.gov.br\/\">Lista Brasileira de Doen\u00e7as Relacionadas ao Trabalho \u2013 CVS \u2013 Minist\u00e9rio da Previd\u00eancia<\/a><\/li><li><a href=\"http:\/\/www.abpa.org.br\/\">Associa\u00e7\u00e3o Brasileira para Preven\u00e7\u00e3o de Acidentes \u2013 ABPA<\/a><\/li><li><a href=\"http:\/\/www.fundacentro.gov.br\/\">Fundacentro \u2013 Minist\u00e9rio do Trabalho e do Emprego<\/a><\/li><li><a href=\"http:\/\/www.abho.org.br\/\">Associa\u00e7\u00e3o Brasileira de Higienistas Ocupacionais \u2013 ABHO<\/a><\/li><li><a href=\"http:\/\/www.abs.org.br\/\">Ag\u00eancia Brasileira de Ocupa\u00e7\u00f5es<\/a><\/li><li><a href=\"http:\/\/www.oitbrasil.org.br\/\">Organiza\u00e7\u00e3o internacional do Trabalho \u2013 OIT<\/a><\/li><\/ul><h3>Links Internacionais<\/h3><ul><li><a href=\"http:\/\/www.cdc.gov\/niosh\/\">The National Institute for Occupation Safety and Heath \u2013 NIOSH<\/a><\/li><li><a href=\"http:\/\/osha.europa.eu\/pt\">Ag\u00eancia Europ\u00e9ia para a Seguran\u00e7a e Sa\u00fade no Trabalho \u2013 OSHA-EU<\/a><\/li><li><a href=\"http:\/\/www.osha.gov\/\">Occupational Safety &amp; Health Administration<\/a><\/li><li><a href=\"http:\/\/www.nfpa.org\/index.asp?cookie%5Ftest=1\">National Fire Protection Association<\/a><\/li><\/ul><h3>\u00a0<\/h3><h3><strong>ERGONOMIA<\/strong><\/h3><h3>Links Nacionais<\/h3><ul><li><a href=\"http:\/\/www.abergo.org.br\/\">Associa\u00e7\u00e3o Brasileira de Ergonomia \u2013 ABERGO<\/a><\/li><li><a href=\"http:\/\/www.abepro.org.br\/\">Associa\u00e7\u00e3o Brasileira de Engenharia de Produ\u00e7\u00e3o \u2013 ABEPRO<\/a><\/li><li><a href=\"http:\/\/www.ergonet.com.br\/\">Ergonet<\/a><\/li><\/ul><h3>Links Internacionais<\/h3><ul><li><a href=\"http:\/\/www.bcs.org\/\">British Computer Society HCI Group<\/a><\/li><li><a href=\"http:\/\/www.icograda.org\/\">OCOGRADA \u2013 International Council of Graphic Designer Associations<\/a><\/li><li><a href=\"http:\/\/www.icsid.org\/\">ICSID \u2013 International Council of Societies of Industrial Design<\/a><\/li><li><a href=\"http:\/\/www.upassoc.org\/\">Usability Professionals Association<\/a><\/li><li><a href=\"http:\/\/www.ulaergo.net\/\">Uni\u00f3n Latinoamericana de Ergonom\u00eda \u2013 ULAERGO<\/a><\/li><li><a href=\"http:\/\/www.ergoweb.com\/\">Ergoweb<\/a><\/li><li><a href=\"http:\/\/ergo.human.cornell.edu\/\">CUErgo \u2013 Cornell University Ergonomics<\/a><\/li><li><a href=\"http:\/\/training.itcilo.it\/actrav_cdrom2\/es\/osh\/ergo\/ergoa.htm\">Organizaci\u00f3n Internacional del Trabajo \u2013 OIT<\/a><\/li><li><a href=\"http:\/\/www.chu-rouen.fr\/ssf\/psy\/ergonomie.html\">CISMeF Eronomie Fran\u00e7a<\/a><\/li><li><a href=\"http:\/\/www.cdc.gov\/niosh\/topics\/ergonomics\/\">NIOSH Ergonomics<\/a><\/li><li><a href=\"http:\/\/www.osha.gov\/SLTC\/ergonomics\/index.html\">OSHA Ergonomics<\/a><\/li><\/ul><h3>\u00a0<\/h3><h3><strong>MEIO AMBIENTE<\/strong><\/h3><h3>Links Nacionais<\/h3><ul><li><a href=\"http:\/\/www.mma.gov.br\/\">Minist\u00e9rio do Meio Ambiente<\/a><\/li><li><a href=\"http:\/\/www.mma.gov.br\/port\/conama\/index.cfm\">Conselho Nacional do Meio Ambiente \u2013 CONAMA<\/a><\/li><li><a href=\"http:\/\/www.ibama.gov.br\/\">Instituto Brasileiro do Meio Ambiente \u2013 IBAMA<\/a><\/li><li><a href=\"http:\/\/www2.ana.gov.br\/Paginas\/default.aspx\">Ag\u00eancia Nacional de \u00c1guas \u2013 ANA<\/a><\/li><li><a href=\"http:\/\/www.inmet.gov.br\/portal\/\">Instituto Nacional de Metereologia \u2013 INMET<\/a><\/li><li><a href=\"http:\/\/www.ambientebrasil.com.br\/\">Ambiente Brasil \u2013 Portal Ambiental<\/a><\/li><li><a href=\"http:\/\/www.brasil.gov.br\/\">Portal Brasil<\/a><\/li><\/ul><h3>Links Internacionais<\/h3><ul><li><a href=\"http:\/\/www.cbd.int\/\">CDB \u2013 Convention on Biological Diversity (Conven\u00e7\u00e3o sobre Diversidade Biol\u00f3gica)<\/a><\/li><li><a href=\"http:\/\/www.envirolink.org\/\">EnviroLink Network<\/a><\/li><li><a href=\"http:\/\/www.greenpeace.org\/international\/en\/\">Greenpeace International<\/a><\/li><\/ul><h3>ONG\u2019s<\/h3><ul><li><a href=\"http:\/\/www.agirazul.com.br\/\">Pangea \/ Agirazul<\/a><\/li><li><a href=\"http:\/\/www.wwf.org.br\/\">WWF Brasil<\/a><\/li><li><a href=\"http:\/\/www.sbs.org.br\/publicacoes.htm\">Sociedade Brasileira de Sivicultura<\/a><\/li><li><a href=\"http:\/\/www.farn.org.ar\/\">Funcadion Ambiente y Reursos Naturales \u2013 FARN<\/a><\/li><li><a href=\"http:\/\/www.planetaverde.org\/\">Instituto O Direito por um Planeta Verde<\/a><\/li><li><a href=\"http:\/\/www.ecoar.org.br\/\">Instituto Ecoar para a Cidadania<\/a><\/li><li><a href=\"http:\/\/www.planetaverde.org.br\/\">Instituto de Educa\u00e7\u00e3o e Pesquisa<\/a><\/li><li><a href=\"http:\/\/www.renctas.org.br\/pt\/home\/\">RENCTAS \u2013 Rede Nacional de Combate ao Tr\u00e1fico de Animais Silvestres<\/a><\/li><li><a href=\"http:\/\/www.baleiafranca.org.br\/\">Projeto Baleia Franca<\/a><\/li><li><a href=\"http:\/\/www.novo.maternatura.org.br\/\">Mater Natura \u2013 Instituto de Estudos Ambientais<\/a><\/li><li><a href=\"http:\/\/www.patrulhaecologica.org.br\/\">Patrulha Ecol\u00f3gica<\/a><\/li><li><a href=\"https:\/\/www.instphysis.wordpress.com\/\">Instituto Physis<\/a><\/li><li><a href=\"http:\/\/www.planetaverde.org.br\/\">Instituto de Educa\u00e7\u00e3o e Pesquisa Ambiental Planeta Verde<\/a><\/li><li><a href=\"http:\/\/www.greenpeace.org\/brasil\/pt\/\">Greenpeace Brasil<\/a><\/li><li><a href=\"http:\/\/www.sosma.org.br\/\">SOS Mata Atl\u00e2ntica<\/a><\/li><\/ul><h3>\u00a0<\/h3><h3><strong>PROMO\u00c7\u00c3O E QUALIDADE DE VIDA<\/strong><\/h3><h3>Links Nacionais<\/h3><ul><li><a href=\"http:\/\/portalsaude.saude.gov.br\/\">Portal da Sa\u00fade \u2013 Minist\u00e9rio da Sa\u00fade<\/a><\/li><li><a href=\"http:\/\/www.paho.org\/bra\/\">Organiza\u00e7\u00e3o Pan-Americana da Sa\u00fade \u2013 OPAS<\/a><\/li><li><a href=\"http:\/\/www.equipesaudeplena.com.br\/\">Equipe Sa\u00fade Plena<\/a><\/li><li><a href=\"http:\/\/www.saudeemmovimento.com.br\/conteudos\/conteudo_frame.asp?cod_noticia=204\">Declara\u00e7\u00e3o de Jacarta sobre Promo\u00e7\u00e3o da Sa\u00fade<\/a><\/li><\/ul><h3>ONG\u2019s<\/h3><ul><li><a href=\"http:\/\/www.cedaps.org.br\/\">Centro de Promo\u00e7\u00e3o da Sa\u00fade \u2013 CEDAPS<\/a><\/li><\/ul>\t\t\t\t\t\t\t\t<\/div>\n\t\t\t\t<\/div>\n\t\t\t\t\t<\/div>\n\t\t<\/div>\n\t\t\t\t<div class=\"elementor-column elementor-col-33 elementor-top-column elementor-element elementor-element-3752f589\" data-id=\"3752f589\" data-element_type=\"column\" data-e-type=\"column\">\n\t\t\t<div class=\"elementor-widget-wrap\">\n\t\t\t\t\t\t\t<\/div>\n\t\t<\/div>\n\t\t\t\t\t<\/div>\n\t\t<\/section>\n\t\t\t\t<\/div>\n\t\t","protected":false},"excerpt":{"rendered":"<p>LINKS \u00daTEIS SA\u00daDE E SEGURAN\u00c7A DO TRABALHO Links Nacionais Normas Regulamentadoras (NRs) de Seguran\u00e7a e Sa\u00fade no Trabalho \u2013 Minist\u00e9rio do Trabalho Classifica\u00e7\u00e3o Nacional de Atividades Econ\u00f4micas Associa\u00e7\u00e3o Brasileira de Normas T\u00e9cnicas \u2013 ABNT Sociedade Brasileira de Engenharia de Seguran\u00e7a \u2013 SOBES Lista Brasileira de Doen\u00e7as Relacionadas ao Trabalho \u2013 CVS \u2013 Minist\u00e9rio da Previd\u00eancia [&hellip;]<\/p>\n","protected":false},"author":1,"featured_media":0,"parent":0,"menu_order":0,"comment_status":"closed","ping_status":"closed","template":"","meta":{"footnotes":""},"class_list":["post-224","page","type-page","status-publish","hentry"],"_links":{"self":[{"href":"https:\/\/masster.com.br\/index.php\/wp-json\/wp\/v2\/pages\/224","targetHints":{"allow":["GET"]}}],"collection":[{"href":"https:\/\/masster.com.br\/index.php\/wp-json\/wp\/v2\/pages"}],"about":[{"href":"https:\/\/masster.com.br\/index.php\/wp-json\/wp\/v2\/types\/page"}],"author":[{"embeddable":true,"href":"https:\/\/masster.com.br\/index.php\/wp-json\/wp\/v2\/users\/1"}],"replies":[{"embeddable":true,"href":"https:\/\/masster.com.br\/index.php\/wp-json\/wp\/v2\/comments?post=224"}],"version-history":[{"count":14,"href":"https:\/\/masster.com.br\/index.php\/wp-json\/wp\/v2\/pages\/224\/revisions"}],"predecessor-version":[{"id":490,"href":"https:\/\/masster.com.br\/index.php\/wp-json\/wp\/v2\/pages\/224\/revisions\/490"}],"wp:attachment":[{"href":"https:\/\/masster.com.br\/index.php\/wp-json\/wp\/v2\/media?parent=224"}],"curies":[{"name":"wp","href":"https:\/\/api.w.org\/{rel}","templated":true}]}}