{"id":3,"date":"2022-11-21T21:19:17","date_gmt":"2022-11-21T21:19:17","guid":{"rendered":"https:\/\/masster.com.br\/?page_id=3"},"modified":"2022-11-28T19:17:54","modified_gmt":"2022-11-28T19:17:54","slug":"aviso-privacidade","status":"publish","type":"page","link":"https:\/\/masster.com.br\/index.php\/aviso-privacidade\/","title":{"rendered":""},"content":{"rendered":"\t\t<div data-elementor-type=\"wp-page\" data-elementor-id=\"3\" class=\"elementor elementor-3\">\n\t\t\t\t\t\t<section class=\"elementor-section elementor-top-section elementor-element elementor-element-43a7371e elementor-section-boxed elementor-section-height-default elementor-section-height-default\" data-id=\"43a7371e\" data-element_type=\"section\" data-e-type=\"section\">\n\t\t\t\t\t\t<div class=\"elementor-container elementor-column-gap-default\">\n\t\t\t\t\t<div class=\"elementor-column elementor-col-100 elementor-top-column elementor-element elementor-element-5bcfa8b0\" data-id=\"5bcfa8b0\" data-element_type=\"column\" data-e-type=\"column\">\n\t\t\t<div class=\"elementor-widget-wrap elementor-element-populated\">\n\t\t\t\t\t\t<div class=\"elementor-element elementor-element-70e999cd elementor-widget elementor-widget-text-editor\" data-id=\"70e999cd\" data-element_type=\"widget\" data-e-type=\"widget\" data-widget_type=\"text-editor.default\">\n\t\t\t\t<div class=\"elementor-widget-container\">\n\t\t\t\t\t\t\t\t\t\n<h2 class=\"wp-block-heading\"><b>AVISO DE PRIVACIDADE<\/b><\/h2>\n<p><span style=\"font-weight: 400;\">A <\/span><b>MASSTER Assessoria<\/b><span style=\"font-weight: 400;\"> \u00e9 uma empresa comprometida com o assunto privacidade e prote\u00e7\u00e3o de dados pessoais, considerando o tema como um de nossos valores mais importantes.<\/span><\/p>\n<p><span style=\"font-weight: 400;\">Por essa raz\u00e3o, disponibilizamos a seguir nosso Aviso de Privacidade, como forma de dar transpar\u00eancia sobre a maneira atrav\u00e9s da qual coletamos, utilizamos, processamos, armazenamos, compartilhamos e protegemos os dados pessoais empregados na viabiliza\u00e7\u00e3o do nosso modelo de neg\u00f3cio.\u00a0<\/span><\/p>\n<p><b>Quem somos?<\/b><\/p>\n<p><span style=\"font-weight: 400;\">Atuando em todo territ\u00f3rio nacional, a <\/span><b>MASSTER Assessoria<\/b><span style=\"font-weight: 400;\"> tem o foco estrat\u00e9gico e operacional no compromisso com o resultado de seus clientes, a partir de uma vis\u00e3o consultiva de suas necessidades, oferecendo para uma mesma demanda, alternativas que facilitem o equacionamento de diferentes problemas ou necessidades de servi\u00e7os em Meio Ambiente, Sa\u00fade &amp; Seguran\u00e7a do Trabalho e Ergonomia.<\/span><\/p>\n<p><span style=\"font-weight: 400;\">A <\/span><b>MASTER Assessoria<\/b><span style=\"font-weight: 400;\">, especializada em Meio Ambiente, Sa\u00fade &amp; Seguran\u00e7a do Trabalho e Ergonomia, com mais 15 anos de mercado, com cl\u00ednicas pr\u00f3prias e credenciadas em diversos bairros da cidade e atua\u00e7\u00e3o em todo estado do Rio de Janeiro e cobertura em todo territ\u00f3rio nacional.<\/span><\/p>\n<p><b>Como voc\u00ea pode nos contatar para tratar sobre assuntos relacionados \u00e0 privacidade de dados?<\/b><\/p>\n<p><span style=\"font-weight: 400;\">Direcione as suas d\u00favidas e solicita\u00e7\u00f5es para o e-mail <\/span><a href=\"mailto:privacidade@masster.com.br\"><span style=\"font-weight: 400;\">privacidade@masster.com.br<\/span><\/a><span style=\"font-weight: 400;\">.\u00a0<\/span><\/p>\n<p><b>Como coletamos dados pessoais?\u00a0\u00a0<\/b><\/p>\n<p><span style=\"font-weight: 400;\">Para viabilizarmos nossas atividades enquanto empresa, \u00e9 necess\u00e1rio que realizemos coleta e tratamento de algumas informa\u00e7\u00f5es que s\u00e3o consideradas pela legisla\u00e7\u00e3o brasileira como dados pessoais, isto \u00e9, informa\u00e7\u00f5es que se referem diretamente a uma pessoa espec\u00edfica ou que, em determinado contexto, possam torn\u00e1-la identific\u00e1vel.<\/span><\/p>\n<p><span style=\"font-weight: 400;\">Com isso, apenas coletamos e tratamos os dados pessoais que sejam estritamente necess\u00e1rios e adequados para atingir uma finalidade leg\u00edtima, sobretudo para presta\u00e7\u00e3o do servi\u00e7o contratado.<\/span><\/p>\n<p><span style=\"font-weight: 400;\">Recebemos dados pessoais dos seguintes titulares:<\/span><\/p>\n<ul>\n<li style=\"font-weight: 400;\" aria-level=\"1\"><span style=\"font-weight: 400;\">Clientes;<\/span><\/li>\n<li style=\"font-weight: 400;\" aria-level=\"1\"><span style=\"font-weight: 400;\">Colaboradores das empresas contratantes;<\/span><\/li>\n<li style=\"font-weight: 400;\" aria-level=\"1\"><span style=\"font-weight: 400;\">Interessados que preencham o formul\u00e1rio \u201cFale conosco\u201d, no site da <\/span><b>Master Assessoria<\/b><span style=\"font-weight: 400;\">, ou encaminhem email\u00b4s. Ressalva que os email\u00b4s j\u00e1 possuem, em suas assinaturas, as devidas considera\u00e7\u00f5es de Privacidade.<\/span><\/li>\n<\/ul>\n<p><span style=\"font-weight: 400;\">A <\/span><b>Master Assessoria <\/b><span style=\"font-weight: 400;\">considera de acordo com a Lei Geral de Prote\u00e7\u00e3o de Dados Pessoais, Lei n\u00ba 13.709\/2018 que:<\/span><\/p>\n<p><b>Dados cadastrais e de contato<\/b><span style=\"font-weight: 400;\">: informa\u00e7\u00f5es fornecidas voluntariamente pelos titulares ao preencherem o \u201cFale conosco\u201d ou pelo envio de email para solicitarem recebimento de esclarecimentos sobre todos os servi\u00e7os que oferecemos. Dados que poder\u00e3o ser:<\/span><\/p>\n<ul>\n<li style=\"font-weight: 400;\" aria-level=\"1\"><span style=\"font-weight: 400;\">Nome<\/span><\/li>\n<li style=\"font-weight: 400;\" aria-level=\"1\"><span style=\"font-weight: 400;\">Email<\/span><\/li>\n<li style=\"font-weight: 400;\" aria-level=\"1\"><span style=\"font-weight: 400;\">Telefone<\/span><\/li>\n<li style=\"font-weight: 400;\" aria-level=\"1\"><span style=\"font-weight: 400;\">Assunto. Que poder\u00e1 ser sobre os servi\u00e7os citados em nosso site ou at\u00e9 mesmo perfil para candidatura a uma de nossas vagas em abeto.<\/span><\/li>\n<\/ul>\n<p><b>Dados pessoais sens\u00edveis<\/b><b>: <\/b><span style=\"font-weight: 400;\">Normalmente, n\u00e3o coletamos categorias de dados sens\u00edveis ou especiais sobre indiv\u00edduos que n\u00e3o sejam nossos pr\u00f3prios funcion\u00e1rios. Quando precisamos processar dados pessoais confidenciais de titulares de dados que n\u00e3o s\u00e3o nossos funcion\u00e1rios coletamos com o consentimento expresso dos indiv\u00edduos ou conforme exigido por lei.\u00a0<\/span><\/p>\n<p><span style=\"font-weight: 400;\">Exemplos de dados pessoais sens\u00edveis que podemos obter ou manter incluem:<\/span><\/p>\n<ol>\n<li style=\"font-weight: 400;\" aria-level=\"2\"><span style=\"font-weight: 400;\">Documentos de identifica\u00e7\u00e3o pessoal que podem revelar ra\u00e7a, religi\u00e3o ou origem \u00e9tnica, possivelmente dados biom\u00e9tricos de indiv\u00edduos particulares, propriet\u00e1rios benefici\u00e1rios de entidades corporativas ou candidatos.<\/span><\/li>\n<li style=\"font-weight: 400;\" aria-level=\"2\"><span style=\"font-weight: 400;\">Informa\u00e7\u00f5es fornecidas por nossos clientes no decorrer de um compromisso profissional ou contratual.<\/span><\/li>\n<li style=\"font-weight: 400;\" aria-level=\"2\"><span style=\"font-weight: 400;\">Informa\u00e7\u00f5es sobre diversidade e oportunidades iguais oferecidas pelos participantes em determinados programas de capacita\u00e7\u00e3o profissional da <\/span><b>MASTER Assessoria<\/b><span style=\"font-weight: 400;\"> e processos de recrutamento.<\/span><\/li>\n<\/ol>\n<p><span style=\"font-weight: 400;\">No caso de realiza\u00e7\u00e3o de processos seletivos, podemos coletar alguns dados considerados pela legisla\u00e7\u00e3o como sendo sens\u00edveis (a exemplo filia\u00e7\u00e3o a sindicato e dados de sa\u00fade), com a \u00fanica e exclusiva finalidade de operacionalizar as atividades de recrutamento e mediante consentimento espec\u00edfico do titular.<\/span><\/p>\n<p><span style=\"font-weight: 400;\">\u00a0<\/span><b>Dados decorrentes da rela\u00e7\u00e3o do titular com a MASTER Assessoria: <\/b><span style=\"font-weight: 400;\">coletamos dados que decorram da rela\u00e7\u00e3o do titular com a <\/span><b>MASTER Assessoria<\/b><span style=\"font-weight: 400;\">, que inclui informa\u00e7\u00f5es relativas \u00e0 inscri\u00e7\u00e3o em eventos, acesso \u00e0s nossas unidades f\u00edsicas (inclusive por meio de c\u00e2meras de monitoramento), e-mails ou outras comunica\u00e7\u00f5es trocadas com nossos colaboradores, inscri\u00e7\u00e3o em eventos ou para recebimento de material instrucional\/informativo.<\/span><\/p>\n<p><b>Dados de registros eletr\u00f4nicos de dispositivos e de intera\u00e7\u00e3o do usu\u00e1rio: <\/b><span style=\"font-weight: 400;\">tais como endere\u00e7o IP, ID de dispositivos m\u00f3veis, informa\u00e7\u00f5es obtidas atrav\u00e9s do uso de <\/span><i><span style=\"font-weight: 400;\">widgets, cookies, Google Analytics, web beacons <\/span><\/i><span style=\"font-weight: 400;\">e demais informa\u00e7\u00f5es relacionadas \u00e0 intera\u00e7\u00e3o do usu\u00e1rio com nossas plataformas (web e aplica\u00e7\u00e3o), tais como data e hora de acesso, tempo gasto nas p\u00e1ginas, \u00e1reas visitadas, recursos e ferramentas utilizados, registros de cliques e identificadores de cookies.<\/span><\/p>\n<p><b>Dados inerentes \u00e0 presta\u00e7\u00e3o dos nossos servi\u00e7os<\/b><span style=\"font-weight: 400;\">: para o exerc\u00edcio de nossas atividades, tratamos dados que s\u00e3o compartilhados e controlados por nossos clientes e parceiros empresariais, bem como demais informa\u00e7\u00f5es disponibilizadas por entidades terceiras conforme a necessidade.<\/span><\/p>\n<p><b>Dados de geolocaliza\u00e7\u00e3o: <\/b><span style=\"font-weight: 400;\">podemos coletar dados de geolocaliza\u00e7\u00e3o, com o seu consentimento, para apontar os escrit\u00f3rios e instala\u00e7\u00f5es da <\/span><b>MASTER Assessoria<\/b><span style=\"font-weight: 400;\">, como tamb\u00e9m de nossos funcion\u00e1rios e colaboradores.<\/span><\/p>\n<p><b>Dados de Circuito Fechado de Televis\u00e3o: <\/b><span style=\"font-weight: 400;\">nossas depend\u00eancias f\u00edsicas podem coletar imagens e grava\u00e7\u00f5es de visitantes. Tais dados s\u00e3o sobrescritos e apagados automaticamente ap\u00f3s 30 dias.<\/span><\/p>\n<p><b>Por que realizamos esses tratamentos?<\/b><\/p>\n<p><span style=\"font-weight: 400;\">Com foco em suportar decis\u00f5es relacionadas \u00e0 sa\u00fade, as informa\u00e7\u00f5es coletadas podem ser analisadas e associadas a outras informa\u00e7\u00f5es, garantindo o melhor direcionamento para a jornada de sa\u00fade de um paciente. E tamb\u00e9m uma evolu\u00e7\u00e3o cont\u00ednua de nossos produtos, servi\u00e7os e conte\u00fado. Sempre respeitando os princ\u00edpios de prote\u00e7\u00e3o de dados.<\/span><\/p>\n<p><span style=\"font-weight: 400;\">O tratamento de dados pessoais \u00e9 essencial em raz\u00e3o de algumas finalidades espec\u00edficas, portanto, temos como responsabilidade garantir aos titulares que apenas tratamos os dados que sejam estritamente necess\u00e1rios e adequados para atingir as devidas finalidades, como as seguintes:<\/span><\/p>\n<ol>\n<li style=\"font-weight: 400;\" aria-level=\"1\"><span style=\"font-weight: 400;\">Execu\u00e7\u00e3o satisfat\u00f3ria do Contrato;<\/span><\/li>\n<li style=\"font-weight: 400;\" aria-level=\"1\"><span style=\"font-weight: 400;\">Gest\u00e3o de documentos de sa\u00fade;<\/span><\/li>\n<li style=\"font-weight: 400;\" aria-level=\"1\"><span style=\"font-weight: 400;\">Garantia da viabiliza\u00e7\u00e3o do servi\u00e7o oferecido com seguran\u00e7a ao cliente;<\/span><\/li>\n<li style=\"font-weight: 400;\" aria-level=\"1\"><span style=\"font-weight: 400;\">Prote\u00e7\u00e3o dos nossos direitos;<\/span><\/li>\n<li style=\"font-weight: 400;\" aria-level=\"1\"><span style=\"font-weight: 400;\">Contato para a presta\u00e7\u00e3o do servi\u00e7o;<\/span><\/li>\n<li style=\"font-weight: 400;\" aria-level=\"1\"><span style=\"font-weight: 400;\">Contato para envio de comunicados de servi\u00e7os de sa\u00fade e informa\u00e7\u00f5es sobre as empresas ligadas \u00e0 <\/span><b>MASTER Assessoria<\/b><span style=\"font-weight: 400;\">;<\/span><\/li>\n<li style=\"font-weight: 400;\" aria-level=\"1\"><span style=\"font-weight: 400;\">Podemos tamb\u00e9m usar informa\u00e7\u00f5es pessoais para prop\u00f3sitos internos, como auditoria, an\u00e1lise de dados;<\/span><\/li>\n<li style=\"font-weight: 400;\" aria-level=\"1\"><span style=\"font-weight: 400;\">Para outras finalidades como pesquisas visando a melhoria dos produtos, servi\u00e7os e comunica\u00e7\u00e3o com os usu\u00e1rios;<\/span><\/li>\n<li style=\"font-weight: 400;\" aria-level=\"1\"><span style=\"font-weight: 400;\">Al\u00e9m disso, usamos dados pessoais para cumprimento de obriga\u00e7\u00f5es impostas por lei como, por exemplo, armazenamento para o cumprimento de obriga\u00e7\u00f5es comerciais ou fiscais de reten\u00e7\u00e3o.<\/span><\/li>\n<\/ol>\n<p><b>Com quem compartilhamos?<\/b><\/p>\n<p><span style=\"font-weight: 400;\">Informamos que poderemos compartilhar alguns dados com fornecedores e\/ou parceiros de setores terceirizados para que estes nos deem suporte ou promovam os nossos servi\u00e7os, como nos seguintes casos:<\/span><\/p>\n<ol>\n<li style=\"font-weight: 400;\" aria-level=\"1\"><span style=\"font-weight: 400;\">Colaboradores (incluindo colaboradores e funcion\u00e1rios, departamentos ou outras empresas ligadas \u00e0 <\/span><b>MASTER Assessoria<\/b><span style=\"font-weight: 400;\">) no exerc\u00edcio de suas fun\u00e7\u00f5es;<\/span><\/li>\n<li style=\"font-weight: 400;\" aria-level=\"1\"><span style=\"font-weight: 400;\">Fornecedores e prestadores de servi\u00e7os, entidades da administra\u00e7\u00e3o p\u00fablica;<\/span><\/li>\n<li style=\"font-weight: 400;\" aria-level=\"1\"><span style=\"font-weight: 400;\">Fornecedores de sistemas de tecnologias de informa\u00e7\u00e3o, prestadores de servi\u00e7os de nuvem (\u201ccloud\u201d) e consultores;<\/span><\/li>\n<li style=\"font-weight: 400;\" aria-level=\"1\"><span style=\"font-weight: 400;\">Fornecedores de softwares que suportem parte da opera\u00e7\u00e3o da <\/span><b>MASTER Assessoria<\/b><span style=\"font-weight: 400;\">;<\/span><\/li>\n<li style=\"font-weight: 400;\" aria-level=\"1\"><span style=\"font-weight: 400;\">Parceiros de neg\u00f3cio que, conjuntamente conosco, oferecem produtos ou servi\u00e7os;<\/span><\/li>\n<li style=\"font-weight: 400;\" aria-level=\"1\"><span style=\"font-weight: 400;\">Quaisquer terceiros a quem \u00e0 <\/span><b>MASTER Assessoria<\/b><span style=\"font-weight: 400;\"> tenha transmitido direitos e obriga\u00e7\u00f5es, como consultores e advogados externos;<\/span><\/li>\n<li style=\"font-weight: 400;\" aria-level=\"1\"><span style=\"font-weight: 400;\">Conforme exigido por lei ou para responder ao processo legal; Em outros casos com o seu consentimento expresso.<\/span><\/li>\n<li style=\"font-weight: 400;\" aria-level=\"1\"><span style=\"font-weight: 400;\">Clientes;<\/span><\/li>\n<\/ol>\n<p><span style=\"font-weight: 400;\">Ainda, poderemos compartilhar os dados pessoais em casos de solicita\u00e7\u00f5es por autoridades administrativas ou judiciais e cuidaremos sempre de analisar e confirmar o fundamento legal antes do compartilhamento, bem como verificar se preenche todos os requisitos exigidos pela respectiva legisla\u00e7\u00e3o.<\/span><\/p>\n<p><span style=\"font-weight: 400;\">Fique tranquilo! O compartilhamento s\u00f3 ser\u00e1 realizado em situa\u00e7\u00f5es que sejam estritamente necess\u00e1rias e mediante a utiliza\u00e7\u00e3o de garantias contratuais e t\u00e9cnicas apropriadas para cada situa\u00e7\u00e3o.<\/span><\/p>\n<p><span style=\"font-weight: 400;\">Todos os parceiros da <\/span><b>MASTER Assessoria<\/b><span style=\"font-weight: 400;\"> s\u00e3o devidamente selecionados e desses s\u00e3o exigidos os mesmos padr\u00f5es e as mesmas garantias que s\u00e3o dadas por n\u00f3s a voc\u00eas.<\/span><\/p>\n<p><span style=\"font-weight: 400;\">Podem existir situa\u00e7\u00f5es em que os dados pessoais sejam tratados ou armazenados em outro pa\u00eds que ofere\u00e7a o mesmo n\u00edvel de prote\u00e7\u00e3o de Dados Pessoais.<\/span><\/p>\n<p><span style=\"font-weight: 400;\">Nos casos em que os Dados Pessoais forem transferidos para empresas parceiras localizadas em outros pa\u00edses, a MASTER<\/span><b> Assessoria<\/b><span style=\"font-weight: 400;\"> vai assegurar a prote\u00e7\u00e3o dos dados pessoais. Os crit\u00e9rios de seguran\u00e7a de informa\u00e7\u00e3o s\u00e3o mantidos para todos os nossos fornecedores garantindo as melhores pr\u00e1ticas exigidas pela LGPD.<\/span><\/p>\n<p><b>N\u00f3s atendemos seus direitos<\/b><\/p>\n<p><span style=\"font-weight: 400;\">Respeitando o artigo 18 da Lei Geral de Prote\u00e7\u00e3o de Dados garantimos a voc\u00eas, titulares dos dados, os seguintes direitos:<\/span><\/p>\n<ol>\n<li style=\"font-weight: 400;\" aria-level=\"1\"><span style=\"font-weight: 400;\">Voc\u00ea poder\u00e1 confirmar com a MASTER<\/span><b> Assessoria<\/b><span style=\"font-weight: 400;\"> a exist\u00eancia de tratamento de dados pessoais e obter, a qualquer tempo, acesso aos seus dados;<\/span><\/li>\n<li style=\"font-weight: 400;\" aria-level=\"1\"><span style=\"font-weight: 400;\">Caso os seus dados estejam incompletos, inexatos ou desatualizados, voc\u00ea pode requerer junto \u00e0 <\/span><b>MASTER Assessoria<\/b><span style=\"font-weight: 400;\"> a corre\u00e7\u00e3o desses;<\/span><\/li>\n<li style=\"font-weight: 400;\" aria-level=\"1\"><span style=\"font-weight: 400;\">Poder\u00e1 tamb\u00e9m requerer a anonimiza\u00e7\u00e3o, bloqueio ou elimina\u00e7\u00e3o de dados desnecess\u00e1rios, excessivos ou tratados em desconformidade com a Lei Geral de Prote\u00e7\u00e3o de Dados;<\/span><\/li>\n<li style=\"font-weight: 400;\" aria-level=\"1\"><span style=\"font-weight: 400;\">Voc\u00ea pode requerer informa\u00e7\u00f5es das entidades p\u00fablicas e privadas com as quais \u00e0 <\/span><b>MASTER Assessoria<\/b><span style=\"font-weight: 400;\"> realizou uso compartilhado de dados;<\/span><\/li>\n<li style=\"font-weight: 400;\" aria-level=\"1\"><span style=\"font-weight: 400;\">A requisi\u00e7\u00e3o de exclus\u00e3o dos seus dados coletados e armazenados pela <\/span><b>MASTER Assessoria<\/b><span style=\"font-weight: 400;\"> \u00e9 poss\u00edvel, desde que decorrido o prazo legal m\u00ednimo relacionado \u00e0 guarda dos respectivos dados;<\/span><\/li>\n<li style=\"font-weight: 400;\" aria-level=\"1\"><span style=\"font-weight: 400;\">Ser\u00e1 viabilizada tamb\u00e9m a op\u00e7\u00e3o de portabilidade dos dados a outro prestador de servi\u00e7os, mediante sua requisi\u00e7\u00e3o;<\/span><\/li>\n<li style=\"font-weight: 400;\" aria-level=\"1\"><span style=\"font-weight: 400;\">Nos casos em que a MASTER<\/span><b> Assessoria<\/b><span style=\"font-weight: 400;\"> requerer o seu consentimento para coleta de algum dado, voc\u00ea poder\u00e1 requerer informa\u00e7\u00e3o sobre a possibilidade de n\u00e3o oferecer consentimento e suas consequ\u00eancias. Caso concedido, poder\u00e1 posteriormente revogar o consentimento, bem como requerer a elimina\u00e7\u00e3o desses dados.<\/span><\/li>\n<\/ol>\n<p><b>Uso de Cookies no site da MASTER Assessoria<\/b><\/p>\n<p><span style=\"font-weight: 400;\">Voc\u00ea sabe o que s\u00e3o Cookies? Cookies s\u00e3o pequenos arquivos que s\u00e3o inseridos no seu navegador (Chrome, Mozilla, Internet Explorer, Safari, entre outros) ou dispositivo, que permitem ativar funcionalidades atrav\u00e9s da coleta de informa\u00e7\u00f5es b\u00e1sicas sobre voc\u00ea ou seu dispositivo.<\/span><\/p>\n<p><span style=\"font-weight: 400;\">Na <\/span><b>MASTER Assessoria<\/b><span style=\"font-weight: 400;\">, temos como valores a \u00e9tica e transpar\u00eancia em todo o escopo do nosso servi\u00e7o, portanto, com o tratamento dos seus dados n\u00e3o seria diferente. Informamos, ent\u00e3o, que fazemos uso de Cookies na nossa plataforma web (www.master.com.br).<\/span><\/p>\n<p><span style=\"font-weight: 400;\">Saiba que voc\u00ea tamb\u00e9m pode optar por recusar ou desabilitar os Cookies por meio das configura\u00e7\u00f5es pr\u00f3prias do seu navegador, ou ao instalar um plug-in que realize essa funcionalidade. No entanto, avisamos que ao fazer isso, alguns recursos da nossa plataforma podem n\u00e3o funcionar corretamente.<\/span><\/p>\n<p><b>Conscientiza\u00e7\u00e3o de Privacidade<\/b><\/p>\n<p><span style=\"font-weight: 400;\">Treinamos nosso time para respeitar sua privacidade e implementamos processos visando melhoria crescente da cultura da privacidade, transmitindo tamb\u00e9m esses conceitos aos nossos colaboradores, com palestras, cartilhas, informativos impressos e digitais. Entendemos que privacidade \u00e9 um valor importante para todos.<\/span><\/p>\n<p><span style=\"font-weight: 400;\">Na <\/span><b>MASTER Assessoria<\/b><span style=\"font-weight: 400;\"> n\u00e3o vemos privacidade apenas como uma obriga\u00e7\u00e3o legal, faz parte da nossa cultura e conscientiza\u00e7\u00e3o- \u201ccuidamos dos dados com sabedoria, tendo discernimento em rela\u00e7\u00e3o a sua privacidade\u201d e por isso tratamos ela com tanta import\u00e2ncia.<\/span><\/p>\n<p><b>DISPOSI\u00c7\u00d5ES FINAIS<\/b><\/p>\n<p><span style=\"font-weight: 400;\">A <\/span><b>MASTER Assessoria<\/b><span style=\"font-weight: 400;\"> efetuar\u00e1 atualiza\u00e7\u00f5es e ajustes \u00e0 Pol\u00edtica de Privacidade regularmente, de acordo com o necess\u00e1rio para refletir as suas pr\u00e1ticas de privacidade e prote\u00e7\u00e3o de dados pessoais, bem como eventuais atualiza\u00e7\u00f5es regulat\u00f3rias. Em raz\u00e3o disso, a data de \u00faltima atualiza\u00e7\u00e3o aparecer\u00e1 sempre ao final da Pol\u00edtica, sendo certo que em caso de atualiza\u00e7\u00e3o relevante, daremos a devida transpar\u00eancia em rela\u00e7\u00e3o ao conte\u00fado alterado.<\/span><\/p>\n<p>\u00a0<\/p>\n<p><span style=\"font-weight: 400;\">Qualquer outra d\u00favida relacionada \u00e0 privacidade e prote\u00e7\u00e3o de dados pessoais dever\u00e1 ser endere\u00e7ada ao encarregado de tratamentos de dados pessoais da <\/span><b>MASTER Assessoria<\/b><span style=\"font-weight: 400;\">, por meio do contato abaixo:<\/span><\/p>\n<p><a href=\"mailto:privacidade@masster.com.br\"><span style=\"font-weight: 400;\">privacidade@masster.com.br<\/span><\/a><span style=\"font-weight: 400;\">.<\/span><\/p>\n<p>\u00a0<\/p>\n<p><span style=\"font-weight: 400;\">Revis\u00e3o: Outubro\/2022<\/span><\/p>\n<p><span style=\"font-weight: 400;\">Pref. Jos\u00e9 Carlos Lacerda, 1256 &#8211; Jardim Vinte e Cinco de Agosto, Duque de Caxias &#8211; RJ 25071-120 &#8211; Telefone: (21) 4111-5480<\/span><\/p>\n<h2><br \/><br \/><br \/><br \/><\/h2>\n\t\t\t\t\t\t\t\t<\/div>\n\t\t\t\t<\/div>\n\t\t\t\t\t<\/div>\n\t\t<\/div>\n\t\t\t\t\t<\/div>\n\t\t<\/section>\n\t\t\t\t<\/div>\n\t\t","protected":false},"excerpt":{"rendered":"<p>AVISO DE PRIVACIDADE A MASSTER Assessoria \u00e9 uma empresa comprometida com o assunto privacidade e prote\u00e7\u00e3o de dados pessoais, considerando o tema como um de nossos valores mais importantes. Por essa raz\u00e3o, disponibilizamos a seguir nosso Aviso de Privacidade, como forma de dar transpar\u00eancia sobre a maneira atrav\u00e9s da qual coletamos, utilizamos, processamos, armazenamos, compartilhamos [&hellip;]<\/p>\n","protected":false},"author":1,"featured_media":0,"parent":0,"menu_order":0,"comment_status":"closed","ping_status":"open","template":"","meta":{"footnotes":""},"class_list":["post-3","page","type-page","status-publish","hentry"],"_links":{"self":[{"href":"https:\/\/masster.com.br\/index.php\/wp-json\/wp\/v2\/pages\/3","targetHints":{"allow":["GET"]}}],"collection":[{"href":"https:\/\/masster.com.br\/index.php\/wp-json\/wp\/v2\/pages"}],"about":[{"href":"https:\/\/masster.com.br\/index.php\/wp-json\/wp\/v2\/types\/page"}],"author":[{"embeddable":true,"href":"https:\/\/masster.com.br\/index.php\/wp-json\/wp\/v2\/users\/1"}],"replies":[{"embeddable":true,"href":"https:\/\/masster.com.br\/index.php\/wp-json\/wp\/v2\/comments?post=3"}],"version-history":[{"count":13,"href":"https:\/\/masster.com.br\/index.php\/wp-json\/wp\/v2\/pages\/3\/revisions"}],"predecessor-version":[{"id":319,"href":"https:\/\/masster.com.br\/index.php\/wp-json\/wp\/v2\/pages\/3\/revisions\/319"}],"wp:attachment":[{"href":"https:\/\/masster.com.br\/index.php\/wp-json\/wp\/v2\/media?parent=3"}],"curies":[{"name":"wp","href":"https:\/\/api.w.org\/{rel}","templated":true}]}}