{"id":61,"date":"2022-11-21T21:55:26","date_gmt":"2022-11-21T21:55:26","guid":{"rendered":"https:\/\/masster.com.br\/?page_id=61"},"modified":"2024-07-15T16:45:07","modified_gmt":"2024-07-15T16:45:07","slug":"esocial","status":"publish","type":"page","link":"https:\/\/masster.com.br\/index.php\/esocial\/","title":{"rendered":"ESocial"},"content":{"rendered":"\t\t<div data-elementor-type=\"wp-page\" data-elementor-id=\"61\" class=\"elementor elementor-61\">\n\t\t\t\t\t\t<section class=\"elementor-section elementor-top-section elementor-element elementor-element-1aa0ec37 elementor-section-content-middle elementor-section-boxed elementor-section-height-default elementor-section-height-default\" data-id=\"1aa0ec37\" data-element_type=\"section\" data-e-type=\"section\" data-settings=\"{&quot;background_background&quot;:&quot;classic&quot;}\">\n\t\t\t\t\t\t<div class=\"elementor-container elementor-column-gap-no\">\n\t\t\t\t\t<div class=\"elementor-column elementor-col-100 elementor-top-column elementor-element elementor-element-2b3ea947\" data-id=\"2b3ea947\" data-element_type=\"column\" data-e-type=\"column\">\n\t\t\t<div class=\"elementor-widget-wrap elementor-element-populated\">\n\t\t\t\t\t\t<div class=\"elementor-element elementor-element-37626c07 elementor-widget elementor-widget-image\" data-id=\"37626c07\" data-element_type=\"widget\" data-e-type=\"widget\" data-widget_type=\"image.default\">\n\t\t\t\t<div class=\"elementor-widget-container\">\n\t\t\t\t\t\t\t\t\t\t\t\t\t\t\t<img fetchpriority=\"high\" decoding=\"async\" width=\"660\" height=\"350\" src=\"https:\/\/masster.com.br\/wp-content\/uploads\/2022\/11\/capa-eSocial.jpg\" class=\"attachment-large size-large wp-image-69\" alt=\"\" srcset=\"https:\/\/masster.com.br\/wp-content\/uploads\/2022\/11\/capa-eSocial.jpg 660w, https:\/\/masster.com.br\/wp-content\/uploads\/2022\/11\/capa-eSocial-300x159.jpg 300w\" sizes=\"(max-width: 660px) 100vw, 660px\" \/>\t\t\t\t\t\t\t\t\t\t\t\t\t\t\t<\/div>\n\t\t\t\t<\/div>\n\t\t\t\t<div class=\"elementor-element elementor-element-8e4fca2 elementor-widget elementor-widget-heading\" data-id=\"8e4fca2\" data-element_type=\"widget\" data-e-type=\"widget\" data-widget_type=\"heading.default\">\n\t\t\t\t<div class=\"elementor-widget-container\">\n\t\t\t\t\t<h4 class=\"elementor-heading-title elementor-size-default\">Empres\u00e1rio, voc\u00ea sabe o que \u00e9 o eSocial?<\/h4>\t\t\t\t<\/div>\n\t\t\t\t<\/div>\n\t\t\t\t<div class=\"elementor-element elementor-element-1397a73c elementor-widget elementor-widget-text-editor\" data-id=\"1397a73c\" data-element_type=\"widget\" data-e-type=\"widget\" data-widget_type=\"text-editor.default\">\n\t\t\t\t<div class=\"elementor-widget-container\">\n\t\t\t\t\t\t\t\t\t<p>A partir de janeiro de 2023, empresas de todo o Brasil dever\u00e3o comunicar ao Governo Federal, de forma unificada, todas as informa\u00e7\u00f5es relativas aos trabalhadores, como v\u00ednculos, contribui\u00e7\u00f5es previdenci\u00e1rias, folha de pagamento, comunica\u00e7\u00f5es de acidente de trabalho, aviso pr\u00e9vio, escritura\u00e7\u00f5es fiscais e informa\u00e7\u00f5es sobre o FGTS.<\/p><p>Tal comunicado ser\u00e1 realizado atrav\u00e9s do eSocial<\/p><p>\u2013 Sistema de Escritura\u00e7\u00e3o Digital das Obriga\u00e7\u00f5es Fiscais, Previdenci\u00e1rias e Trabalhistas, institu\u00eddo pelo decreto n\u00ba 8373\/2014.<\/p><p>Ap\u00f3s v\u00e1rios adiamentos, o in\u00edcio da transmiss\u00e3o no eSocial das informa\u00e7\u00f5es de SST (Sa\u00fade e Seguran\u00e7a do Trabalho) entrar\u00e1 na 4\u00aa fase de implanta\u00e7\u00e3o e dever\u00e1 ser comunicada a partir de janeiro de 2023. Diferentemente das fases anteriores, esta fase aborda as informa\u00e7\u00f5es relacionadas \u00e0 sa\u00fade e seguran\u00e7a do trabalho e trata de dados espec\u00edficos que as empresas precisam ter dispon\u00edveis, assim como documentos atualizados, tais como: PGR, PCMSO, AEP (Ergonomia), LTCAT e ASO, podendo a qualquer momento, serem exigidos outros documentos conforme definido pela Legisla\u00e7\u00e3o Federal.<\/p><h6>\u00a0<\/h6><h6><strong>No primeiro momento,\u00a0 dever\u00e3o ser enviadas informa\u00e7\u00f5es dos seguintes eventos de SST:<\/strong><\/h6><ul><li>S-2220: ASO (Atestado de Sa\u00fade Ocupacional) e PCMSO (Programa de Controle M\u00e9dico de Sa\u00fade Ocupacional);<\/li><li>S-2240: PGR (Programa de Gerenciamento de Riscos) e LTCAT (Laudo T\u00e9cnico das Condi\u00e7\u00f5es de Ambiente de Trabalho)<\/li><\/ul><p>Essa parte do eSocial \u00e9 a que merece maior aten\u00e7\u00e3o das empresas, uma vez que todos os demais eventos do eSocial s\u00e3o de adapta\u00e7\u00e3o de rotinas j\u00e1 sendo praticadas, enquanto a parte de SST requer um conhecimento t\u00e9cnico em Sa\u00fade e Seguran\u00e7a do Trabalho.<\/p><h5><img decoding=\"async\" class=\"emoji\" role=\"img\" draggable=\"false\" src=\"https:\/\/s.w.org\/images\/core\/emoji\/14.0.0\/svg\/26a0.svg\" alt=\"\u26a0\ufe0f\" \/> <em>Assim, deve-se considerar que a figura do contador pode n\u00e3o ser a mais apropriada para esse envio.<\/em><\/h5><p><strong>\u00c9 nesse sentido que a Masster Assessoria est\u00e1 na vanguarda quando o assunto \u00e9 eSocial<\/strong>, pois desde seu an\u00fancio pelo governo, em 2014, estamos nos preparando para a entrada em vigor das informa\u00e7\u00f5es de SST.<\/p><p>Investimos na aquisi\u00e7\u00e3o de um <strong>SISTEMA DE GEST\u00c3O INTEGRADA EM SA\u00daDE E SEGURAN\u00c7A DO TRABALHO<\/strong>, via web, chamado <strong>SGG<\/strong>, totalmente adaptado ao <strong>eSOCIAL<\/strong>, permitindo aos nossos clientes realizarem o gerenciamento das informa\u00e7\u00f5es em tempo real, a qualquer hora e em qualquer lugar, atrav\u00e9s de login e senha.<\/p><p>Refor\u00e7amos o time t\u00e9cnico e capacitamos todos nossos colaboradores para disponibilizar seus conhecimentos em Sa\u00fade e Seguran\u00e7a do Trabalho aos nossos clientes.<\/p><h6>Al\u00e9m disso, assessoramos sua empresa na elabora\u00e7\u00e3o e implanta\u00e7\u00e3o de Pol\u00edticas de Sa\u00fade e Seguran\u00e7a, assim como, no enquadramento dentro das exig\u00eancias legais e de qualidade, com o objetivo de implantar, coordenar e operacionalizar o <strong>PCMSO, PGR, PPP, CIPA, ATESTADO DE SA\u00daDE OCUPACIONAL (ASO), LAUDOS (LTCAT, ERGON\u00d4MICO, INSALUBRIDADE E PERICULOSIDADE), AVALIA\u00c7\u00d5ES AMBIENTAIS, TREINAMENTOS DIVERSOS e todas as demais Normas Regulamentadoras (NR`s) do Minist\u00e9rio do Trabalho e Previd\u00eancia Social.<\/strong><\/h6><p>Entretanto, orientamos que as empresas que n\u00e3o possuam os documentos acima ou os mesmos estiverem desatualizados, fa\u00e7am suas atualiza\u00e7\u00f5es e elabora\u00e7\u00f5es o mais breve poss\u00edvel, visto que sem eles, n\u00e3o \u00e9 poss\u00edvel o envio dos eventos ao eSocial.<\/p><p>__________<\/p><h4><strong>Ofereceremos os seguintes servi\u00e7os em nossas cl\u00ednicas:<\/strong><\/h4><ul><li>Avalia\u00e7\u00e3o cl\u00ednica m\u00e9dica (ASO admissional, peri\u00f3dico, demissional, retorno ao trabalho e mudan\u00e7a de fun\u00e7\u00e3o);<\/li><li>Laborat\u00f3rio de an\u00e1lises cl\u00ednicas (coleta de sangue para todo tipo de exame, al\u00e9m de urina e fezes);<\/li><li>Audiometria;<\/li><li>Eletrocardiograma;<\/li><li>Eletroencefalograma;<\/li><li>Acuidade Visual;<\/li><li>Espirometria;<\/li><li>Raio X;<\/li><li>Avalia\u00e7\u00e3o Psicossocial;<\/li><li>Toxicol\u00f3gico de pelo e urina;<\/li><\/ul><p>Temos todos esses servi\u00e7os em um s\u00f3 lugar sem precisar correr atr\u00e1s de toda papelada de \u00faltima hora. Neste primeiro momento, \u00e9 necess\u00e1rio o envio da carga inicial de todos os colaboradores e, a seguir, o envio passa a ser mensal.<\/p><h4><strong>Temos cl\u00ednicas dispon\u00edveis nas seguintes localidades:<\/strong><\/h4><p>Cl\u00ednicas Pr\u00f3prias: Rio de Janeiro (Centro) e Duque de Caxias (25 de Agosto)<\/p><p>Munic\u00edpio do Rio: Bangu, Barra da Tijuca, Campo Grande, M\u00e9ier, Penha, Recreio, Santa Cruz e Taquara.<\/p><p>Estado do Rio: Angra dos Reis, Araruama, B\u00fazios, Cabo Frio, Campos, Itabora\u00ed, Itagua\u00ed, Maca\u00e9, Maric\u00e1, Niter\u00f3i, Nova Friburgo, Nova Igua\u00e7u, Petr\u00f3polis, Rio das Ostras, Saquarema, Teres\u00f3polis, Tr\u00eas Rios e Volta Redonda.<\/p><p>Outros Estados: Belo Horizonte, Bras\u00edlia, Curitiba, Fortaleza, Manaus, Recife, Rio Grande do Sul, Roraima, Salvador, S\u00e3o Paulo, Serra\/ES, Vit\u00f3ria.<\/p><p>\u2013 Trabalhamos sob demanda e credenciamos novas cl\u00ednicas de acordo com a necessidade do cliente<\/p><p>&#8211; Atendemos em todo Territ\u00f3rio Nacional.<\/p>\t\t\t\t\t\t\t\t<\/div>\n\t\t\t\t<\/div>\n\t\t\t\t\t<\/div>\n\t\t<\/div>\n\t\t\t\t\t<\/div>\n\t\t<\/section>\n\t\t\t\t<section class=\"elementor-section elementor-top-section elementor-element elementor-element-464a7f92 elementor-section-height-min-height elementor-reverse-mobile elementor-reverse-tablet elementor-section-boxed elementor-section-height-default elementor-section-items-middle\" data-id=\"464a7f92\" data-element_type=\"section\" data-e-type=\"section\" data-settings=\"{&quot;background_background&quot;:&quot;classic&quot;}\">\n\t\t\t\t\t\t\t<div class=\"elementor-background-overlay\"><\/div>\n\t\t\t\t\t\t\t<div class=\"elementor-container elementor-column-gap-default\">\n\t\t\t\t\t<div class=\"elementor-column elementor-col-50 elementor-top-column elementor-element elementor-element-39ed9039\" data-id=\"39ed9039\" data-element_type=\"column\" data-e-type=\"column\">\n\t\t\t<div class=\"elementor-widget-wrap elementor-element-populated\">\n\t\t\t\t\t\t<div class=\"elementor-element elementor-element-5125e344 elementor-widget elementor-widget-image\" data-id=\"5125e344\" data-element_type=\"widget\" data-e-type=\"widget\" data-settings=\"{&quot;motion_fx_translateY_effect&quot;:&quot;yes&quot;,&quot;motion_fx_translateY_direction&quot;:&quot;negative&quot;,&quot;motion_fx_translateY_speed&quot;:{&quot;unit&quot;:&quot;px&quot;,&quot;size&quot;:&quot;1&quot;,&quot;sizes&quot;:[]},&quot;motion_fx_motion_fx_scrolling&quot;:&quot;yes&quot;,&quot;motion_fx_translateY_affectedRange&quot;:{&quot;unit&quot;:&quot;%&quot;,&quot;size&quot;:&quot;&quot;,&quot;sizes&quot;:{&quot;start&quot;:0,&quot;end&quot;:100}},&quot;motion_fx_devices&quot;:[&quot;desktop&quot;,&quot;tablet&quot;,&quot;mobile&quot;]}\" data-widget_type=\"image.default\">\n\t\t\t\t<div class=\"elementor-widget-container\">\n\t\t\t\t\t\t\t\t\t\t\t\t\t\t\t<img decoding=\"async\" width=\"538\" height=\"423\" src=\"https:\/\/masster.com.br\/wp-content\/uploads\/2022\/11\/esocial.jpg\" class=\"attachment-full size-full wp-image-70\" alt=\"\" srcset=\"https:\/\/masster.com.br\/wp-content\/uploads\/2022\/11\/esocial.jpg 538w, https:\/\/masster.com.br\/wp-content\/uploads\/2022\/11\/esocial-300x236.jpg 300w\" sizes=\"(max-width: 538px) 100vw, 538px\" \/>\t\t\t\t\t\t\t\t\t\t\t\t\t\t\t<\/div>\n\t\t\t\t<\/div>\n\t\t\t\t\t<\/div>\n\t\t<\/div>\n\t\t\t\t<div class=\"elementor-column elementor-col-50 elementor-top-column elementor-element elementor-element-14e8cf0\" data-id=\"14e8cf0\" data-element_type=\"column\" data-e-type=\"column\">\n\t\t\t<div class=\"elementor-widget-wrap elementor-element-populated\">\n\t\t\t\t\t\t<div class=\"elementor-element elementor-element-60b848db elementor-widget elementor-widget-heading\" data-id=\"60b848db\" data-element_type=\"widget\" data-e-type=\"widget\" data-widget_type=\"heading.default\">\n\t\t\t\t<div class=\"elementor-widget-container\">\n\t\t\t\t\t<h3 class=\"elementor-heading-title elementor-size-default\">Benef\u00edcios para sua empresa.<\/h3>\t\t\t\t<\/div>\n\t\t\t\t<\/div>\n\t\t\t\t<div class=\"elementor-element elementor-element-6cc4bcfa elementor-widget elementor-widget-heading\" data-id=\"6cc4bcfa\" data-element_type=\"widget\" data-e-type=\"widget\" data-settings=\"{&quot;motion_fx_motion_fx_scrolling&quot;:&quot;yes&quot;,&quot;motion_fx_translateY_effect&quot;:&quot;yes&quot;,&quot;motion_fx_translateY_speed&quot;:{&quot;unit&quot;:&quot;px&quot;,&quot;size&quot;:&quot;0.5&quot;,&quot;sizes&quot;:[]},&quot;motion_fx_translateY_affectedRange&quot;:{&quot;unit&quot;:&quot;%&quot;,&quot;size&quot;:&quot;&quot;,&quot;sizes&quot;:{&quot;start&quot;:&quot;0&quot;,&quot;end&quot;:&quot;50&quot;}},&quot;motion_fx_opacity_effect&quot;:&quot;yes&quot;,&quot;motion_fx_opacity_range&quot;:{&quot;unit&quot;:&quot;%&quot;,&quot;size&quot;:&quot;&quot;,&quot;sizes&quot;:{&quot;start&quot;:&quot;0&quot;,&quot;end&quot;:&quot;50&quot;}},&quot;motion_fx_devices&quot;:[&quot;desktop&quot;,&quot;mobile&quot;],&quot;motion_fx_opacity_direction&quot;:&quot;out-in&quot;,&quot;motion_fx_opacity_level&quot;:{&quot;unit&quot;:&quot;px&quot;,&quot;size&quot;:10,&quot;sizes&quot;:[]}}\" data-widget_type=\"heading.default\">\n\t\t\t\t<div class=\"elementor-widget-container\">\n\t\t\t\t\t<h2 class=\"elementor-heading-title elementor-size-default\">Solicite a implanta\u00e7\u00e3o dos m\u00f3dulos web.<\/h2>\t\t\t\t<\/div>\n\t\t\t\t<\/div>\n\t\t\t\t<div class=\"elementor-element elementor-element-3eaca18f elementor-widget elementor-widget-text-editor\" data-id=\"3eaca18f\" data-element_type=\"widget\" data-e-type=\"widget\" data-widget_type=\"text-editor.default\">\n\t\t\t\t<div class=\"elementor-widget-container\">\n\t\t\t\t\t\t\t\t\t<p>Parceria Masster Assessoria para sua empresa.<\/p>\t\t\t\t\t\t\t\t<\/div>\n\t\t\t\t<\/div>\n\t\t\t\t<div class=\"elementor-element elementor-element-2c20635 elementor-mobile-align-center elementor-widget elementor-widget-button\" data-id=\"2c20635\" data-element_type=\"widget\" data-e-type=\"widget\" data-widget_type=\"button.default\">\n\t\t\t\t<div class=\"elementor-widget-container\">\n\t\t\t\t\t\t\t\t\t<div class=\"elementor-button-wrapper\">\n\t\t\t\t\t<a class=\"elementor-button elementor-button-link elementor-size-md\" href=\"https:\/\/wa.me\/5521998023462?text=Tenho%20interesse%20em%20obter%20sua%20assessoria%20Masster\">\n\t\t\t\t\t\t<span class=\"elementor-button-content-wrapper\">\n\t\t\t\t\t\t<span class=\"elementor-button-icon\">\n\t\t\t\t<i aria-hidden=\"true\" class=\"fas fa-arrow-right\"><\/i>\t\t\t<\/span>\n\t\t\t\t\t\t\t\t\t<span class=\"elementor-button-text\">Consultoria eSocial<\/span>\n\t\t\t\t\t<\/span>\n\t\t\t\t\t<\/a>\n\t\t\t\t<\/div>\n\t\t\t\t\t\t\t\t<\/div>\n\t\t\t\t<\/div>\n\t\t\t\t\t<\/div>\n\t\t<\/div>\n\t\t\t\t\t<\/div>\n\t\t<\/section>\n\t\t\t\t<\/div>\n\t\t","protected":false},"excerpt":{"rendered":"<p>Empres\u00e1rio, voc\u00ea sabe o que \u00e9 o eSocial? A partir de janeiro de 2023, empresas de todo o Brasil dever\u00e3o comunicar ao Governo Federal, de forma unificada, todas as informa\u00e7\u00f5es relativas aos trabalhadores, como v\u00ednculos, contribui\u00e7\u00f5es previdenci\u00e1rias, folha de pagamento, comunica\u00e7\u00f5es de acidente de trabalho, aviso pr\u00e9vio, escritura\u00e7\u00f5es fiscais e informa\u00e7\u00f5es sobre o FGTS. Tal [&hellip;]<\/p>\n","protected":false},"author":1,"featured_media":0,"parent":0,"menu_order":0,"comment_status":"closed","ping_status":"closed","template":"","meta":{"footnotes":""},"class_list":["post-61","page","type-page","status-publish","hentry"],"_links":{"self":[{"href":"https:\/\/masster.com.br\/index.php\/wp-json\/wp\/v2\/pages\/61","targetHints":{"allow":["GET"]}}],"collection":[{"href":"https:\/\/masster.com.br\/index.php\/wp-json\/wp\/v2\/pages"}],"about":[{"href":"https:\/\/masster.com.br\/index.php\/wp-json\/wp\/v2\/types\/page"}],"author":[{"embeddable":true,"href":"https:\/\/masster.com.br\/index.php\/wp-json\/wp\/v2\/users\/1"}],"replies":[{"embeddable":true,"href":"https:\/\/masster.com.br\/index.php\/wp-json\/wp\/v2\/comments?post=61"}],"version-history":[{"count":14,"href":"https:\/\/masster.com.br\/index.php\/wp-json\/wp\/v2\/pages\/61\/revisions"}],"predecessor-version":[{"id":502,"href":"https:\/\/masster.com.br\/index.php\/wp-json\/wp\/v2\/pages\/61\/revisions\/502"}],"wp:attachment":[{"href":"https:\/\/masster.com.br\/index.php\/wp-json\/wp\/v2\/media?parent=61"}],"curies":[{"name":"wp","href":"https:\/\/api.w.org\/{rel}","templated":true}]}}